{"id":4335,"date":"2025-09-11T00:50:11","date_gmt":"2025-09-11T00:50:11","guid":{"rendered":"https:\/\/nemrac.mx\/?post_type=product&#038;p=4335"},"modified":"2025-09-11T00:50:21","modified_gmt":"2025-09-11T00:50:21","slug":"venta-de-fabrica-elevador-de-brazo-recto-usado-genie-40m-34m-50m-plataforma-de-trabajo-aereo-elevador-de-hombre-hidraulico-para-construccion","status":"publish","type":"product","link":"https:\/\/nemrac.mx\/index.php\/producto\/venta-de-fabrica-elevador-de-brazo-recto-usado-genie-40m-34m-50m-plataforma-de-trabajo-aereo-elevador-de-hombre-hidraulico-para-construccion\/","title":{"rendered":"Venta de f\u00e1brica elevador de brazo recto usado Genie 40m 34m 50m plataforma de trabajo a\u00e9reo elevador de hombre hidr\u00e1ulico para construcci\u00f3n"},"content":{"rendered":"","protected":false},"excerpt":{"rendered":"","protected":false},"featured_media":4258,"comment_status":"closed","ping_status":"closed","template":"","meta":[],"product_brand":[],"product_cat":[124],"product_tag":[],"class_list":{"0":"post-4335","1":"product","2":"type-product","3":"status-publish","4":"has-post-thumbnail","6":"product_cat-plataformas-de-elevacion","8":"first","9":"instock","10":"shipping-taxable","11":"product-type-simple"},"_links":{"self":[{"href":"https:\/\/nemrac.mx\/index.php\/wp-json\/wp\/v2\/product\/4335","targetHints":{"allow":["GET"]}}],"collection":[{"href":"https:\/\/nemrac.mx\/index.php\/wp-json\/wp\/v2\/product"}],"about":[{"href":"https:\/\/nemrac.mx\/index.php\/wp-json\/wp\/v2\/types\/product"}],"replies":[{"embeddable":true,"href":"https:\/\/nemrac.mx\/index.php\/wp-json\/wp\/v2\/comments?post=4335"}],"version-history":[{"count":1,"href":"https:\/\/nemrac.mx\/index.php\/wp-json\/wp\/v2\/product\/4335\/revisions"}],"predecessor-version":[{"id":4351,"href":"https:\/\/nemrac.mx\/index.php\/wp-json\/wp\/v2\/product\/4335\/revisions\/4351"}],"wp:featuredmedia":[{"embeddable":true,"href":"https:\/\/nemrac.mx\/index.php\/wp-json\/wp\/v2\/media\/4258"}],"wp:attachment":[{"href":"https:\/\/nemrac.mx\/index.php\/wp-json\/wp\/v2\/media?parent=4335"}],"wp:term":[{"taxonomy":"product_brand","embeddable":true,"href":"https:\/\/nemrac.mx\/index.php\/wp-json\/wp\/v2\/product_brand?post=4335"},{"taxonomy":"product_cat","embeddable":true,"href":"https:\/\/nemrac.mx\/index.php\/wp-json\/wp\/v2\/product_cat?post=4335"},{"taxonomy":"product_tag","embeddable":true,"href":"https:\/\/nemrac.mx\/index.php\/wp-json\/wp\/v2\/product_tag?post=4335"}],"curies":[{"name":"wp","href":"https:\/\/api.w.org\/{rel}","templated":true}]}}