{"id":4328,"date":"2025-09-11T00:50:08","date_gmt":"2025-09-11T00:50:08","guid":{"rendered":"https:\/\/nemrac.mx\/?post_type=product&#038;p=4328"},"modified":"2025-09-11T00:50:18","modified_gmt":"2025-09-11T00:50:18","slug":"elevador-de-tijera-de-accionamiento-electrico-genie-gs-1432m-usado-plataforma-aerea-hidraulica-de-6-3m-en-venta","status":"publish","type":"product","link":"https:\/\/nemrac.mx\/index.php\/producto\/elevador-de-tijera-de-accionamiento-electrico-genie-gs-1432m-usado-plataforma-aerea-hidraulica-de-6-3m-en-venta\/","title":{"rendered":"Elevador de tijera de accionamiento el\u00e9ctrico Genie GS-1432m usado plataforma a\u00e9rea hidr\u00e1ulica de 6.3m en venta"},"content":{"rendered":"","protected":false},"excerpt":{"rendered":"","protected":false},"featured_media":4244,"comment_status":"closed","ping_status":"closed","template":"","meta":[],"product_brand":[],"product_cat":[124],"product_tag":[],"class_list":{"0":"post-4328","1":"product","2":"type-product","3":"status-publish","4":"has-post-thumbnail","6":"product_cat-plataformas-de-elevacion","8":"first","9":"instock","10":"shipping-taxable","11":"product-type-simple"},"_links":{"self":[{"href":"https:\/\/nemrac.mx\/index.php\/wp-json\/wp\/v2\/product\/4328","targetHints":{"allow":["GET"]}}],"collection":[{"href":"https:\/\/nemrac.mx\/index.php\/wp-json\/wp\/v2\/product"}],"about":[{"href":"https:\/\/nemrac.mx\/index.php\/wp-json\/wp\/v2\/types\/product"}],"replies":[{"embeddable":true,"href":"https:\/\/nemrac.mx\/index.php\/wp-json\/wp\/v2\/comments?post=4328"}],"version-history":[{"count":1,"href":"https:\/\/nemrac.mx\/index.php\/wp-json\/wp\/v2\/product\/4328\/revisions"}],"predecessor-version":[{"id":4344,"href":"https:\/\/nemrac.mx\/index.php\/wp-json\/wp\/v2\/product\/4328\/revisions\/4344"}],"wp:featuredmedia":[{"embeddable":true,"href":"https:\/\/nemrac.mx\/index.php\/wp-json\/wp\/v2\/media\/4244"}],"wp:attachment":[{"href":"https:\/\/nemrac.mx\/index.php\/wp-json\/wp\/v2\/media?parent=4328"}],"wp:term":[{"taxonomy":"product_brand","embeddable":true,"href":"https:\/\/nemrac.mx\/index.php\/wp-json\/wp\/v2\/product_brand?post=4328"},{"taxonomy":"product_cat","embeddable":true,"href":"https:\/\/nemrac.mx\/index.php\/wp-json\/wp\/v2\/product_cat?post=4328"},{"taxonomy":"product_tag","embeddable":true,"href":"https:\/\/nemrac.mx\/index.php\/wp-json\/wp\/v2\/product_tag?post=4328"}],"curies":[{"name":"wp","href":"https:\/\/api.w.org\/{rel}","templated":true}]}}