{"id":272,"date":"2019-06-14T08:35:55","date_gmt":"2019-06-14T08:35:55","guid":{"rendered":"http:\/\/localhost\/bigger\/?page_id=272"},"modified":"2025-11-11T07:12:52","modified_gmt":"2025-11-11T07:12:52","slug":"inicio","status":"publish","type":"page","link":"https:\/\/nemrac.mx\/","title":{"rendered":"Inicio"},"content":{"rendered":"\t\t<div data-elementor-type=\"wp-page\" data-elementor-id=\"272\" class=\"elementor elementor-272\" data-elementor-post-type=\"page\">\n\t\t\t\t\t\t<section class=\"elementor-section elementor-top-section elementor-element elementor-element-baf03b5 elementor-section-full_width elementor-section-height-default elementor-section-height-default\" data-id=\"baf03b5\" data-element_type=\"section\">\n\t\t\t\t\t\t<div class=\"elementor-container elementor-column-gap-no\">\n\t\t\t\t\t<div class=\"elementor-column elementor-col-100 elementor-top-column elementor-element elementor-element-6b55f8e\" data-id=\"6b55f8e\" data-element_type=\"column\">\n\t\t\t<div class=\"elementor-widget-wrap elementor-element-populated\">\n\t\t\t\t\t\t<div class=\"elementor-element elementor-element-8bb0b38 bigger--h-position-left bigger--v-position-middle elementor-widget elementor-widget-bigger-slider\" data-id=\"8bb0b38\" data-element_type=\"widget\" data-widget_type=\"bigger-slider.default\">\n\t\t\t\t<div class=\"elementor-widget-container\">\n\t\t\t\t\t<div class=\"bigger-slides-wrapper navigation-arrows navigation-tablet-arrows navigation-mobile-arrows\" dir=\"ltr\">\r\n\t\t\t\t<div class=\"arrows-wrapper\"><div class=\"arrows-inner arrows-container-fluid\"><\/div><\/div>\r\n\t\t\t\t<div class=\"bigger-slides\" data-slider_options=\"{&quot;slidesToShow&quot;:1,&quot;autoplaySpeed&quot;:5000,&quot;autoplay&quot;:true,&quot;infinite&quot;:true,&quot;pauseOnHover&quot;:true,&quot;speed&quot;:500,&quot;arrows&quot;:true,&quot;dots&quot;:false,&quot;rtl&quot;:false,&quot;fade&quot;:true}\" data-animation=\"fadeInUp\"><div class=\"elementor-repeater-item-6757a6a slick-slide\"><div class=\"slick-slide-bg bigger-ken-out\" data-animation=\"inherit\"><\/div><div class=\"slick-slide-inner\"><div class=\"bigger-slide-content\" data-animation=\"zoomIn\"><div class=\"bigger-slide-subtitle\">Energ\u00eda que\n\n<\/div><div class=\"bigger-slide-heading\">impulsa industrias<\/div><div class=\"bigger-slide-description\"><p>Ayudamos a que tu operaci\u00f3n alcance su m\u00e1ximo rendimiento con maquinaria industrial eficiente, durable y sustentable. Trabajamos con empresas que buscan calidad, soporte t\u00e9cnico y compromiso ambiental.<\/p><\/div><\/div><\/div><\/div><\/div>\r\n\t\t\t<\/div>\t\t\t\t<\/div>\n\t\t\t\t<\/div>\n\t\t\t\t\t<\/div>\n\t\t<\/div>\n\t\t\t\t\t<\/div>\n\t\t<\/section>\n\t\t\t\t<section class=\"elementor-section elementor-top-section elementor-element elementor-element-e5c4b6f elementor-section-boxed elementor-section-height-default elementor-section-height-default\" data-id=\"e5c4b6f\" data-element_type=\"section\" data-settings=\"{&quot;background_background&quot;:&quot;classic&quot;}\">\n\t\t\t\t\t\t<div class=\"elementor-container elementor-column-gap-extended\">\n\t\t\t\t\t<div class=\"elementor-column elementor-col-50 elementor-top-column elementor-element elementor-element-a753f07\" data-id=\"a753f07\" data-element_type=\"column\">\n\t\t\t<div class=\"elementor-widget-wrap elementor-element-populated\">\n\t\t\t\t\t\t<div class=\"elementor-element elementor-element-c4478aa elementor-widget elementor-widget-heading\" data-id=\"c4478aa\" data-element_type=\"widget\" data-widget_type=\"heading.default\">\n\t\t\t\t<div class=\"elementor-widget-container\">\n\t\t\t\t\t<h6 class=\"elementor-heading-title elementor-size-default\">Qui\u00e9nes somos<\/h6>\t\t\t\t<\/div>\n\t\t\t\t<\/div>\n\t\t\t\t<div class=\"elementor-element elementor-element-97ea65a elementor-widget elementor-widget-heading\" data-id=\"97ea65a\" data-element_type=\"widget\" data-widget_type=\"heading.default\">\n\t\t\t\t<div class=\"elementor-widget-container\">\n\t\t\t\t\t<h2 class=\"elementor-heading-title elementor-size-default\">\u00bfPor qu\u00e9 elegir NEMRAC?<\/h2>\t\t\t\t<\/div>\n\t\t\t\t<\/div>\n\t\t\t\t<div class=\"elementor-element elementor-element-bf55bab elementor-widget elementor-widget-text-editor\" data-id=\"bf55bab\" data-element_type=\"widget\" data-widget_type=\"text-editor.default\">\n\t\t\t\t<div class=\"elementor-widget-container\">\n\t\t\t\t\t\t\t\t\t<strong style=\"color: #99ff99; font-weight: 500; font-size: 22px;\">\n  \u2713 Equipos de alta calidad y rendimiento comprobado\n<\/strong>\n<br>\nNuestra maquinaria cumple con los m\u00e1s altos est\u00e1ndares industriales, garantizando eficiencia, potencia y larga vida \u00fatil.\t\t\t\t\t\t\t\t<\/div>\n\t\t\t\t<\/div>\n\t\t\t\t<div class=\"elementor-element elementor-element-325027d elementor-widget elementor-widget-text-editor\" data-id=\"325027d\" data-element_type=\"widget\" data-widget_type=\"text-editor.default\">\n\t\t\t\t<div class=\"elementor-widget-container\">\n\t\t\t\t\t\t\t\t\t<strong style=\"color: #99ff99; font-weight: 500; font-size: 22px;\">\u2713 Asesor\u00eda personalizada para cada tipo de industria<\/strong><br>\nNo creemos en soluciones gen\u00e9ricas. Escuchamos tus necesidades, evaluamos tu operaci\u00f3n y te proponemos la mejor opci\u00f3n para optimizar tu producci\u00f3n.\t\t\t\t\t\t\t\t<\/div>\n\t\t\t\t<\/div>\n\t\t\t\t<div class=\"elementor-element elementor-element-e081aff elementor-widget elementor-widget-text-editor\" data-id=\"e081aff\" data-element_type=\"widget\" data-widget_type=\"text-editor.default\">\n\t\t\t\t<div class=\"elementor-widget-container\">\n\t\t\t\t\t\t\t\t\t<strong style=\"color: #99ff99; font-weight: 500; font-size: 22px;\">\u2713 \u00a0Compromiso con la sostenibilidad<\/strong><br>\nOfrecemos opciones de maquinaria con sistemas de energ\u00eda solar y tecnolog\u00edas limpias para reducir tu impacto ambiental y tus costos energ\u00e9ticos.\t\t\t\t\t\t\t\t<\/div>\n\t\t\t\t<\/div>\n\t\t\t\t<div class=\"elementor-element elementor-element-aa6dbe6 elementor-widget elementor-widget-text-editor\" data-id=\"aa6dbe6\" data-element_type=\"widget\" data-widget_type=\"text-editor.default\">\n\t\t\t\t<div class=\"elementor-widget-container\">\n\t\t\t\t\t\t\t\t\t<strong style=\"color: #99ff99; font-weight: 500; font-size: 22px;\">\n\u2713\u00a0 Refacciones, mantenimiento y soporte t\u00e9cnico\n<\/strong><br>\nNos mantenemos cerca de ti despu\u00e9s de la venta. Contamos con un equipo t\u00e9cnico especializado que asegura el funcionamiento \u00f3ptimo de tu maquinaria a lo largo del tiempo.\t\t\t\t\t\t\t\t<\/div>\n\t\t\t\t<\/div>\n\t\t\t\t\t<\/div>\n\t\t<\/div>\n\t\t\t\t<div class=\"elementor-column elementor-col-50 elementor-top-column elementor-element elementor-element-e3ce06b\" data-id=\"e3ce06b\" data-element_type=\"column\">\n\t\t\t<div class=\"elementor-widget-wrap elementor-element-populated\">\n\t\t\t\t\t\t<div class=\"elementor-element elementor-element-0be0160 elementor-widget elementor-widget-image\" data-id=\"0be0160\" data-element_type=\"widget\" data-widget_type=\"image.default\">\n\t\t\t\t<div class=\"elementor-widget-container\">\n\t\t\t\t\t\t\t\t\t\t\t\t\t\t\t<img fetchpriority=\"high\" decoding=\"async\" width=\"640\" height=\"853\" src=\"https:\/\/nemrac.mx\/wp-content\/uploads\/2025\/07\/nemrac-1-768x1024.png\" class=\"attachment-large size-large wp-image-3385\" alt=\"\" srcset=\"https:\/\/nemrac.mx\/wp-content\/uploads\/2025\/07\/nemrac-1-768x1024.png 768w, https:\/\/nemrac.mx\/wp-content\/uploads\/2025\/07\/nemrac-1-600x800.png 600w, https:\/\/nemrac.mx\/wp-content\/uploads\/2025\/07\/nemrac-1-225x300.png 225w, https:\/\/nemrac.mx\/wp-content\/uploads\/2025\/07\/nemrac-1-1152x1536.png 1152w, https:\/\/nemrac.mx\/wp-content\/uploads\/2025\/07\/nemrac-1-1536x2048.png 1536w, https:\/\/nemrac.mx\/wp-content\/uploads\/2025\/07\/nemrac-1.png 1875w\" sizes=\"(max-width: 640px) 100vw, 640px\" \/>\t\t\t\t\t\t\t\t\t\t\t\t\t\t\t<\/div>\n\t\t\t\t<\/div>\n\t\t\t\t\t<\/div>\n\t\t<\/div>\n\t\t\t\t\t<\/div>\n\t\t<\/section>\n\t\t<div class=\"elementor-element elementor-element-afa24a3 e-grid e-con-boxed e-con e-parent\" data-id=\"afa24a3\" data-element_type=\"container\" data-settings=\"{&quot;background_background&quot;:&quot;classic&quot;}\">\n\t\t\t\t\t<div class=\"e-con-inner\">\n\t\t\t\t<div class=\"elementor-element elementor-element-1df6ae3 elementor-widget elementor-widget-bigger-icon-box\" data-id=\"1df6ae3\" data-element_type=\"widget\" data-widget_type=\"bigger-icon-box.default\">\n\t\t\t\t<div class=\"elementor-widget-container\">\n\t\t\t\t\t\t\t<div class=\"icon-box-wrapper no-border\">\r\n\t\t\t\t\t\t<div class=\"icon-box-icon\">\r\n\t\t\t\t\r\n\t\t\t\t\t<img decoding=\"async\" src=\"https:\/\/nemrac.mx\/wp-content\/uploads\/2025\/09\/generador-electrico.png\" alt=\"\">\t\t\t\t\t\t\t<\/div>\r\n\t\t\t\t\t\t<div class=\"box-content\">\r\n\t\t\t\t<h4>Generadores di\u00e9sel<\/h4>\t\t\t\t<p>Ofrecemos generadores di\u00e9sel de alto rendimiento, dise\u00f1ados para garantizar energ\u00eda confiable en todo momento. Nuestros equipos destacan por su potencia, durabilidad y eficiencia<\/p>\r\n\t\t\t\t\t\t\t<\/div>\r\n\t\t<\/div>\r\n\t\t\t\t\t\t<\/div>\n\t\t\t\t<\/div>\n\t\t\t\t<div class=\"elementor-element elementor-element-1db9a6e elementor-widget elementor-widget-bigger-icon-box\" data-id=\"1db9a6e\" data-element_type=\"widget\" data-widget_type=\"bigger-icon-box.default\">\n\t\t\t\t<div class=\"elementor-widget-container\">\n\t\t\t\t\t\t\t<div class=\"icon-box-wrapper no-border\">\r\n\t\t\t\t\t\t<div class=\"icon-box-icon\">\r\n\t\t\t\t\r\n\t\t\t\t\t<img decoding=\"async\" src=\"https:\/\/nemrac.mx\/wp-content\/uploads\/2025\/09\/planta-solar.png\" alt=\"\">\t\t\t\t\t\t\t<\/div>\r\n\t\t\t\t\t\t<div class=\"box-content\">\r\n\t\t\t\t<h4>Plantas de luz solares<\/h4>\t\t\t\t<p>Soluci\u00f3n moderna y sustentable para la generaci\u00f3n de energ\u00eda. Funcionan a partir de paneles solares que convierten la radiaci\u00f3n del sol en electricidad limpia y confiable.<\/p>\r\n\t\t\t\t\t\t\t<\/div>\r\n\t\t<\/div>\r\n\t\t\t\t\t\t<\/div>\n\t\t\t\t<\/div>\n\t\t\t\t<div class=\"elementor-element elementor-element-1cd6ed0 elementor-widget elementor-widget-bigger-icon-box\" data-id=\"1cd6ed0\" data-element_type=\"widget\" data-widget_type=\"bigger-icon-box.default\">\n\t\t\t\t<div class=\"elementor-widget-container\">\n\t\t\t\t\t\t\t<div class=\"icon-box-wrapper no-border\">\r\n\t\t\t\t\t\t<div class=\"icon-box-icon\">\r\n\t\t\t\t\r\n\t\t\t\t\t<img decoding=\"async\" src=\"https:\/\/nemrac.mx\/wp-content\/uploads\/2025\/10\/hvac-03.png\" alt=\"\">\t\t\t\t\t\t\t<\/div>\r\n\t\t\t\t\t\t<div class=\"box-content\">\r\n\t\t\t\t<h4>HVAC<\/h4>\t\t\t\t<p>Dise\u00f1adas para ofrecer confort, eficiencia y desempe\u00f1o confiable en soluciones HVAC. Construidas con materiales de alta durabilidad, permiten instalar, mantener y optimizar sistemas de climatizaci\u00f3n, ventilaci\u00f3n y refrigeraci\u00f3n en cualquier entorno.<\/p>\r\n\t\t\t\t\t\t\t<\/div>\r\n\t\t<\/div>\r\n\t\t\t\t\t\t<\/div>\n\t\t\t\t<\/div>\n\t\t\t\t\t<\/div>\n\t\t\t\t<\/div>\n\t\t\t\t<section class=\"elementor-section elementor-top-section elementor-element elementor-element-856090f elementor-section-boxed elementor-section-height-default elementor-section-height-default\" data-id=\"856090f\" data-element_type=\"section\" data-settings=\"{&quot;background_background&quot;:&quot;classic&quot;}\">\n\t\t\t\t\t\t<div class=\"elementor-container elementor-column-gap-extended\">\n\t\t\t\t\t<div class=\"elementor-column elementor-col-100 elementor-top-column elementor-element elementor-element-8be0ace\" data-id=\"8be0ace\" data-element_type=\"column\">\n\t\t\t<div class=\"elementor-widget-wrap elementor-element-populated\">\n\t\t\t\t\t\t<div class=\"elementor-element elementor-element-0bf3600 elementor-widget elementor-widget-heading\" data-id=\"0bf3600\" data-element_type=\"widget\" data-widget_type=\"heading.default\">\n\t\t\t\t<div class=\"elementor-widget-container\">\n\t\t\t\t\t<h6 class=\"elementor-heading-title elementor-size-default\">Ponte en Contacto<\/h6>\t\t\t\t<\/div>\n\t\t\t\t<\/div>\n\t\t\t\t<div class=\"elementor-element elementor-element-cea5073 elementor-widget elementor-widget-heading\" data-id=\"cea5073\" data-element_type=\"widget\" data-widget_type=\"heading.default\">\n\t\t\t\t<div class=\"elementor-widget-container\">\n\t\t\t\t\t<h2 class=\"elementor-heading-title elementor-size-default\">Ll\u00e1manos: <a href=\"tel:+528119032448\" style=\"color:#ffffff; text-decoration:none;\">+52 81 1903 2448<\/a>\n<\/h2>\t\t\t\t<\/div>\n\t\t\t\t<\/div>\n\t\t\t\t<div class=\"elementor-element elementor-element-876d04a elementor-widget elementor-widget-heading\" data-id=\"876d04a\" data-element_type=\"widget\" data-widget_type=\"heading.default\">\n\t\t\t\t<div class=\"elementor-widget-container\">\n\t\t\t\t\t<h2 class=\"elementor-heading-title elementor-size-default\">Escr\u00edbenos: <a href=\"mailto:contacto@nemrac.mx\" style=\"color:#ffffff; text-decoration:none;\">contacto@nemrac.mx<\/a>\n<\/h2>\t\t\t\t<\/div>\n\t\t\t\t<\/div>\n\t\t\t\t<div class=\"elementor-element elementor-element-d79de93 elementor-widget elementor-widget-text-editor\" data-id=\"d79de93\" data-element_type=\"widget\" data-widget_type=\"text-editor.default\">\n\t\t\t\t<div class=\"elementor-widget-container\">\n\t\t\t\t\t\t\t\t\t<p>Queremos escucharte. Ya sea una duda, comentario o solo para decir hola, puedes escribirnos o llamarnos. Estamos aqu\u00ed para ti.<\/p>\t\t\t\t\t\t\t\t<\/div>\n\t\t\t\t<\/div>\n\t\t\t\t\t<\/div>\n\t\t<\/div>\n\t\t\t\t\t<\/div>\n\t\t<\/section>\n\t\t\t\t<\/div>\n\t\t","protected":false},"excerpt":{"rendered":"<p>Energ\u00eda que impulsa industrias Ayudamos a que tu operaci\u00f3n alcance su m\u00e1ximo rendimiento con maquinaria industrial eficiente, durable y sustentable. Trabajamos con empresas que buscan calidad, soporte t\u00e9cnico y compromiso ambiental. Qui\u00e9nes somos \u00bfPor qu\u00e9 elegir NEMRAC? \u2713 Equipos de alta calidad y rendimiento comprobado Nuestra maquinaria cumple con los m\u00e1s altos est\u00e1ndares industriales, garantizando [&hellip;]<\/p>\n","protected":false},"author":1,"featured_media":0,"parent":0,"menu_order":0,"comment_status":"closed","ping_status":"closed","template":"","meta":{"footnotes":""},"class_list":["post-272","page","type-page","status-publish","hentry"],"_links":{"self":[{"href":"https:\/\/nemrac.mx\/index.php\/wp-json\/wp\/v2\/pages\/272","targetHints":{"allow":["GET"]}}],"collection":[{"href":"https:\/\/nemrac.mx\/index.php\/wp-json\/wp\/v2\/pages"}],"about":[{"href":"https:\/\/nemrac.mx\/index.php\/wp-json\/wp\/v2\/types\/page"}],"author":[{"embeddable":true,"href":"https:\/\/nemrac.mx\/index.php\/wp-json\/wp\/v2\/users\/1"}],"replies":[{"embeddable":true,"href":"https:\/\/nemrac.mx\/index.php\/wp-json\/wp\/v2\/comments?post=272"}],"version-history":[{"count":142,"href":"https:\/\/nemrac.mx\/index.php\/wp-json\/wp\/v2\/pages\/272\/revisions"}],"predecessor-version":[{"id":4693,"href":"https:\/\/nemrac.mx\/index.php\/wp-json\/wp\/v2\/pages\/272\/revisions\/4693"}],"wp:attachment":[{"href":"https:\/\/nemrac.mx\/index.php\/wp-json\/wp\/v2\/media?parent=272"}],"curies":[{"name":"wp","href":"https:\/\/api.w.org\/{rel}","templated":true}]}}